{"id":556,"date":"2014-06-17T08:02:18","date_gmt":"2014-06-17T06:02:18","guid":{"rendered":"http:\/\/hubertus-rodenbach.de\/?page_id=556"},"modified":"2018-09-11T11:32:54","modified_gmt":"2018-09-11T09:32:54","slug":"termine-vm","status":"publish","type":"page","link":"https:\/\/hubertus-rodenbach.de\/?page_id=556","title":{"rendered":"Termine VM"},"content":{"rendered":"<p>Auch in diesem Jahr findet die Vereinsmeisterschaft im Zeitraum September statt.<\/p>\n<p>Wer innerhalb dieses Monates seine Disziplinen f\u00fcr die Vereinsmeisterschaft schie\u00dfen m\u00f6chte, muss vor Beginn bei einem Vorstandsmitglied Bescheid geben. Die Scheiben werden dann von ihm signiert und nach Ende des Schie\u00dfens ausgewertet.<\/p>\n<p><strong>Die Teilnahme an der Vereinsmeisterschaft ist Voraussetzung f\u00fcr die Teilnahme an weiteren Meisterschaften!<\/strong><\/p>\n<p>Weitere Informationen dazu k\u00f6nnen beim Obersch\u00fctzenmeister oder jedem anderen Vorstandsmitglied eingeholt werden.<\/p>\n","protected":false},"excerpt":{"rendered":"<p>Auch in diesem Jahr findet die Vereinsmeisterschaft im Zeitraum September statt. Wer innerhalb dieses Monates seine Disziplinen f\u00fcr die Vereinsmeisterschaft schie\u00dfen m\u00f6chte, muss vor Beginn bei einem Vorstandsmitglied Bescheid geben. Die Scheiben werden dann von ihm signiert und nach Ende &hellip; <a href=\"https:\/\/hubertus-rodenbach.de\/?page_id=556\">Weiterlesen <span class=\"meta-nav\">&rarr;<\/span><\/a><\/p>\n","protected":false},"author":2,"featured_media":0,"parent":0,"menu_order":0,"comment_status":"closed","ping_status":"closed","template":"","meta":{"footnotes":"","_links_to":"","_links_to_target":""},"class_list":["post-556","page","type-page","status-publish","hentry"],"_links":{"self":[{"href":"https:\/\/hubertus-rodenbach.de\/index.php?rest_route=\/wp\/v2\/pages\/556","targetHints":{"allow":["GET"]}}],"collection":[{"href":"https:\/\/hubertus-rodenbach.de\/index.php?rest_route=\/wp\/v2\/pages"}],"about":[{"href":"https:\/\/hubertus-rodenbach.de\/index.php?rest_route=\/wp\/v2\/types\/page"}],"author":[{"embeddable":true,"href":"https:\/\/hubertus-rodenbach.de\/index.php?rest_route=\/wp\/v2\/users\/2"}],"replies":[{"embeddable":true,"href":"https:\/\/hubertus-rodenbach.de\/index.php?rest_route=%2Fwp%2Fv2%2Fcomments&post=556"}],"version-history":[{"count":12,"href":"https:\/\/hubertus-rodenbach.de\/index.php?rest_route=\/wp\/v2\/pages\/556\/revisions"}],"predecessor-version":[{"id":1847,"href":"https:\/\/hubertus-rodenbach.de\/index.php?rest_route=\/wp\/v2\/pages\/556\/revisions\/1847"}],"wp:attachment":[{"href":"https:\/\/hubertus-rodenbach.de\/index.php?rest_route=%2Fwp%2Fv2%2Fmedia&parent=556"}],"curies":[{"name":"wp","href":"https:\/\/api.w.org\/{rel}","templated":true}]}}