{"id":527,"date":"2014-06-04T11:58:43","date_gmt":"2014-06-04T09:58:43","guid":{"rendered":"http:\/\/hubertus-rodenbach.de\/wordpress\/?page_id=527"},"modified":"2019-12-16T15:37:46","modified_gmt":"2019-12-16T14:37:46","slug":"arbeitseinsaetze","status":"publish","type":"page","link":"https:\/\/hubertus-rodenbach.de\/?page_id=527","title":{"rendered":"Arbeitseins\u00e4tze"},"content":{"rendered":"<p style=\"text-align: justify;\">Nach einem Beschluss der Mitgliederversammlung hat jedes Mitglied, das noch keine 65 Jahre alt ist und unsere Schie\u00dfsportanlage aktiv nutzt, im Jahr 6 Stunden zu leisten. W\u00e4hrend dieser Stunden sind Arbeiten zu erledigen, die der Erhaltung und Verbesserung unser Schie\u00dfsportanlage dienen. Auch passive Mitglieder und Mitglieder, die \u00e4lter als 65 Jahre sind, k\u00f6nnen sich daran beteiligen.<\/p>\n\n\n<p><\/p>\n","protected":false},"excerpt":{"rendered":"<p>Nach einem Beschluss der Mitgliederversammlung hat jedes Mitglied, das noch keine 65 Jahre alt ist und unsere Schie\u00dfsportanlage aktiv nutzt, im Jahr 6 Stunden zu leisten. W\u00e4hrend dieser Stunden sind Arbeiten zu erledigen, die der Erhaltung und Verbesserung unser Schie\u00dfsportanlage &hellip; <a href=\"https:\/\/hubertus-rodenbach.de\/?page_id=527\">Weiterlesen <span class=\"meta-nav\">&rarr;<\/span><\/a><\/p>\n","protected":false},"author":3,"featured_media":0,"parent":26,"menu_order":7,"comment_status":"closed","ping_status":"closed","template":"","meta":{"footnotes":"","_links_to":"","_links_to_target":""},"class_list":["post-527","page","type-page","status-publish","hentry"],"_links":{"self":[{"href":"https:\/\/hubertus-rodenbach.de\/index.php?rest_route=\/wp\/v2\/pages\/527","targetHints":{"allow":["GET"]}}],"collection":[{"href":"https:\/\/hubertus-rodenbach.de\/index.php?rest_route=\/wp\/v2\/pages"}],"about":[{"href":"https:\/\/hubertus-rodenbach.de\/index.php?rest_route=\/wp\/v2\/types\/page"}],"author":[{"embeddable":true,"href":"https:\/\/hubertus-rodenbach.de\/index.php?rest_route=\/wp\/v2\/users\/3"}],"replies":[{"embeddable":true,"href":"https:\/\/hubertus-rodenbach.de\/index.php?rest_route=%2Fwp%2Fv2%2Fcomments&post=527"}],"version-history":[{"count":2,"href":"https:\/\/hubertus-rodenbach.de\/index.php?rest_route=\/wp\/v2\/pages\/527\/revisions"}],"predecessor-version":[{"id":2136,"href":"https:\/\/hubertus-rodenbach.de\/index.php?rest_route=\/wp\/v2\/pages\/527\/revisions\/2136"}],"up":[{"embeddable":true,"href":"https:\/\/hubertus-rodenbach.de\/index.php?rest_route=\/wp\/v2\/pages\/26"}],"wp:attachment":[{"href":"https:\/\/hubertus-rodenbach.de\/index.php?rest_route=%2Fwp%2Fv2%2Fmedia&parent=527"}],"curies":[{"name":"wp","href":"https:\/\/api.w.org\/{rel}","templated":true}]}}