{"id":440,"date":"2014-06-03T10:09:17","date_gmt":"2014-06-03T08:09:17","guid":{"rendered":"http:\/\/hubertus-rodenbach.de\/wordpress\/?page_id=440"},"modified":"2018-06-06T16:34:15","modified_gmt":"2018-06-06T14:34:15","slug":"land","status":"publish","type":"page","link":"https:\/\/hubertus-rodenbach.de\/?page_id=440","title":{"rendered":"Landesmeisterschaft"},"content":{"rendered":"<h2 style=\"text-align: left;\">Mannschaftswertung<\/h2>\n<h1 style=\"text-align: left;\">Wettbewerb 1.20.20, Luftgewehr Dreistellung Sch\u00fcler A mnl. am 03.06.<\/h1>\n<h1>2. SV Hub. Niederrodenbach 1733<\/h1>\n<h4 style=\"text-align: left; padding-left: 30px;\">Christ, Johanna 567<br \/>\nHeinrich, Jessica 584<br \/>\nSch\u00f6nhals, Finja 582<\/h4>\n<h1 style=\"text-align: center;\"><\/h1>\n<h1>Wettbewerb 1.20.30, Luftgewehr Dreistellung Jugend m\u00e4nnlich am 03.06.<\/h1>\n<h1>4. SV Hub. Niederrodenbach 1676<\/h1>\n<p style=\"padding-left: 30px;\">Dressler, Tarja 568<br \/>\nKre\u00df, Melissa 571<br \/>\nFa\u00dfbinder, Max 537<\/p>\n<h1>Wettbewerb 1.10.30, Luftgewehr Jugend m\u00e4nnlich am 02.06.<\/h1>\n<h1>6. SV Hub. Niederrodenbach 1104<\/h1>\n<p style=\"padding-left: 30px;\">Dressler, Tarja 374<br \/>\nKre\u00df, Melissa 369<br \/>\nSteude, Delenn 361<\/p>\n<h1>Einzelwertung<\/h1>\n<p style=\"text-align: left;\">3. 584 Heinrich, Jessica, Luftgewehr Dreistellung<br \/>\n5. 582 Sch\u00f6nhals, Finja,\u00a0 Luftgewehr Dreistellung,<br \/>\n7. 275 Link, Heike,\u00a0 KK Gewehr 100 m<br \/>\n8. 548 Dressler, Tarja,\u00a0 KK Sportgewehr<br \/>\n10. 567 Christ, Johanna, Luftgewehr Dreistellung<br \/>\n13. 571 Kre\u00df, Melissa, Luftgewehr Dreistellung<br \/>\n15. 479 Fa\u00dfbinder, Max, KK Sportgewehr<br \/>\n16. 568 Dressler, Tarja, Luftgewehr Dreistellung<br \/>\n17. 537 Fa\u00dfbinder, Max, Luftgewehr Dreistellung<br \/>\n20. 374 Dressler, Tarja, Luftgewehr<br \/>\n30. 369 Kre\u00df, Melissa, Luftgewehr<br \/>\n41. 361 Steude, Delenn, Luftgewehr<br \/>\n51. 340 Fa\u00dfbinder, Max, Luftgewehr<\/p>\n<h1 style=\"text-align: left;\"><\/h1>\n<p style=\"text-align: center;\">Alle Ergenisse findet ihr hier:<br \/>\n<a href=\"http:\/\/www.hessischer-schuetzenverband.de\/Sport\/HessischeMeisterschaften.aspx\" target=\"_blank\">Hessischer Sch\u00fctzenverband<\/a><\/p>\n","protected":false},"excerpt":{"rendered":"<p>Mannschaftswertung Wettbewerb 1.20.20, Luftgewehr Dreistellung Sch\u00fcler A mnl. am 03.06. 2. SV Hub. Niederrodenbach 1733 Christ, Johanna 567 Heinrich, Jessica 584 Sch\u00f6nhals, Finja 582 Wettbewerb 1.20.30, Luftgewehr Dreistellung Jugend m\u00e4nnlich am 03.06. 4. SV Hub. Niederrodenbach 1676 Dressler, Tarja 568 &hellip; <a href=\"https:\/\/hubertus-rodenbach.de\/?page_id=440\">Weiterlesen <span class=\"meta-nav\">&rarr;<\/span><\/a><\/p>\n","protected":false},"author":2,"featured_media":0,"parent":233,"menu_order":4,"comment_status":"closed","ping_status":"closed","template":"","meta":{"footnotes":"","_links_to":"","_links_to_target":""},"class_list":["post-440","page","type-page","status-publish","hentry"],"_links":{"self":[{"href":"https:\/\/hubertus-rodenbach.de\/index.php?rest_route=\/wp\/v2\/pages\/440","targetHints":{"allow":["GET"]}}],"collection":[{"href":"https:\/\/hubertus-rodenbach.de\/index.php?rest_route=\/wp\/v2\/pages"}],"about":[{"href":"https:\/\/hubertus-rodenbach.de\/index.php?rest_route=\/wp\/v2\/types\/page"}],"author":[{"embeddable":true,"href":"https:\/\/hubertus-rodenbach.de\/index.php?rest_route=\/wp\/v2\/users\/2"}],"replies":[{"embeddable":true,"href":"https:\/\/hubertus-rodenbach.de\/index.php?rest_route=%2Fwp%2Fv2%2Fcomments&post=440"}],"version-history":[{"count":13,"href":"https:\/\/hubertus-rodenbach.de\/index.php?rest_route=\/wp\/v2\/pages\/440\/revisions"}],"predecessor-version":[{"id":1816,"href":"https:\/\/hubertus-rodenbach.de\/index.php?rest_route=\/wp\/v2\/pages\/440\/revisions\/1816"}],"up":[{"embeddable":true,"href":"https:\/\/hubertus-rodenbach.de\/index.php?rest_route=\/wp\/v2\/pages\/233"}],"wp:attachment":[{"href":"https:\/\/hubertus-rodenbach.de\/index.php?rest_route=%2Fwp%2Fv2%2Fmedia&parent=440"}],"curies":[{"name":"wp","href":"https:\/\/api.w.org\/{rel}","templated":true}]}}