{"id":3615,"date":"2026-01-21T20:59:34","date_gmt":"2026-01-21T19:59:34","guid":{"rendered":"https:\/\/hubertus-rodenbach.de\/?page_id=3615"},"modified":"2026-02-05T11:39:29","modified_gmt":"2026-02-05T10:39:29","slug":"bds-gruppe","status":"publish","type":"page","link":"https:\/\/hubertus-rodenbach.de\/?page_id=3615","title":{"rendered":"BDS-Gruppe"},"content":{"rendered":"<h4 style=\"text-align: center;\"><strong> Schie\u00dfleistungsgruppe Rodenbach Rangers (937)<\/strong><\/h4>\n<div>\n<p><a href=\"https:\/\/hubertus-rodenbach.de\/wordpress\/wp-content\/uploads\/2026\/01\/bds-logo.png\"><img loading=\"lazy\" decoding=\"async\" class=\"size-medium wp-image-3621 aligncenter\" src=\"https:\/\/hubertus-rodenbach.de\/wordpress\/wp-content\/uploads\/2026\/01\/bds-logo-297x300.png\" alt=\"\" width=\"200\" height=\"200\" \/><\/a><\/p>\n<p><strong>\u00dcber uns<\/strong><\/p>\n<p>Die SLG Rodenbach-Rangers sind eine sportlich engagierte Gruppe von Sch\u00fctzinnen und Sch\u00fctzen innerhalb des Sch\u00fctzenvereins Hubertus Niederrodenbach e.V. Auf dieser gemeinsamen Basis widmen wir uns zus\u00e4tzlich den Disziplinen des Bundes Deutscher Sportsch\u00fctzen 1975 e.V.<\/p>\n<p>Der BDS erweitert das klassische Schie\u00dfsportangebot um moderne und dynamische Disziplinen. Neben Pr\u00e4zision spielen ein sicherer Umgang mit der Waffe bei unterschiedlichen Bedingungen wie Bewegung und wechselnde Anschl\u00e4ge eine gro\u00dfe Rolle.<\/p>\n<p><strong>Training<\/strong><br \/>\nTrainiert wird \u00fcberwiegend auf den Schie\u00dfst\u00e4nden unseres Hauptvereins, dem Sch\u00fctzenverein Hubertus Niederrodenbach e.V. F\u00fcr Disziplinen mit besonderen Anforderungen nutzen wir geeignete Schie\u00dfst\u00e4nde im n\u00e4heren Umfeld. Unser BDS-spezifisches Training findet mittwochabends statt. Dar\u00fcber hinaus trainieren wir zu den regul\u00e4ren Trainingszeiten des Hauptvereins. Weitere Termine f\u00fcr spezielle Disziplinen werden innerhalb der Gruppe abgestimmt und rechtzeitig kommuniziert.<\/p>\n<p><strong>Mitmachen<\/strong><br \/>\nDie Aufnahme in die SLG Rodenbach-Rangers erfolgt durch den Vorstand der SLG, der eine Aufnahmeempfehlung an den Hauptverein abgibt. Uns geht es nicht um Mitgliederzahlen, sondern um ein stimmiges Miteinander, Verl\u00e4sslichkeit und echtes Interesse am Sport.<\/p>\n<p>Ziel der SLG ist es, den Schie\u00dfsport nach den Regeln des BDS aktiv, verantwortungsvoll und zeitgem\u00e4\u00df zu leben, die sportliche und allgemeine Jugendarbeit zu unterst\u00fctzen, die pers\u00f6nliche und sportliche Weiterentwicklung der Mitglieder zu f\u00f6rdern sowie gemeinsam an Wettk\u00e4mpfen und Meisterschaften teilzunehmen.<\/p>\n<p><strong>Kontakt<\/strong><br \/>\nEine kurze Anmeldung vorab reicht aus.<br \/>\nE Mail: info@slg-rodenbach-rangers.de<br \/>\nTelefon: 0170\/6663000<\/p>\n<\/div>\n","protected":false},"excerpt":{"rendered":"<p>Schie\u00dfleistungsgruppe Rodenbach Rangers (937) \u00dcber uns Die SLG Rodenbach-Rangers sind eine sportlich engagierte Gruppe von Sch\u00fctzinnen und Sch\u00fctzen innerhalb des Sch\u00fctzenvereins Hubertus Niederrodenbach e.V. Auf dieser gemeinsamen Basis widmen wir uns zus\u00e4tzlich den Disziplinen des Bundes Deutscher Sportsch\u00fctzen 1975 e.V. &hellip; <a href=\"https:\/\/hubertus-rodenbach.de\/?page_id=3615\">Weiterlesen <span class=\"meta-nav\">&rarr;<\/span><\/a><\/p>\n","protected":false},"author":4,"featured_media":0,"parent":0,"menu_order":0,"comment_status":"closed","ping_status":"closed","template":"","meta":{"footnotes":"","_links_to":"","_links_to_target":""},"class_list":["post-3615","page","type-page","status-publish","hentry"],"_links":{"self":[{"href":"https:\/\/hubertus-rodenbach.de\/index.php?rest_route=\/wp\/v2\/pages\/3615","targetHints":{"allow":["GET"]}}],"collection":[{"href":"https:\/\/hubertus-rodenbach.de\/index.php?rest_route=\/wp\/v2\/pages"}],"about":[{"href":"https:\/\/hubertus-rodenbach.de\/index.php?rest_route=\/wp\/v2\/types\/page"}],"author":[{"embeddable":true,"href":"https:\/\/hubertus-rodenbach.de\/index.php?rest_route=\/wp\/v2\/users\/4"}],"replies":[{"embeddable":true,"href":"https:\/\/hubertus-rodenbach.de\/index.php?rest_route=%2Fwp%2Fv2%2Fcomments&post=3615"}],"version-history":[{"count":12,"href":"https:\/\/hubertus-rodenbach.de\/index.php?rest_route=\/wp\/v2\/pages\/3615\/revisions"}],"predecessor-version":[{"id":3642,"href":"https:\/\/hubertus-rodenbach.de\/index.php?rest_route=\/wp\/v2\/pages\/3615\/revisions\/3642"}],"wp:attachment":[{"href":"https:\/\/hubertus-rodenbach.de\/index.php?rest_route=%2Fwp%2Fv2%2Fmedia&parent=3615"}],"curies":[{"name":"wp","href":"https:\/\/api.w.org\/{rel}","templated":true}]}}