{"id":3293,"date":"2025-01-02T15:13:51","date_gmt":"2025-01-02T14:13:51","guid":{"rendered":"https:\/\/hubertus-rodenbach.de\/?page_id=3293"},"modified":"2026-04-25T15:00:19","modified_gmt":"2026-04-25T13:00:19","slug":"gaststaette-schuetzhaus-hubertus","status":"publish","type":"page","link":"https:\/\/hubertus-rodenbach.de\/?page_id=3293","title":{"rendered":"Gastst\u00e4tte"},"content":{"rendered":"<h1 style=\"text-align: center;\"><strong>&#8222;Sch\u00fctzenhaus Hubertus&#8220;<\/strong><\/h1>\n<p style=\"text-align: center;\">zur Zeit geschlossen.<\/p>\n<p style=\"text-align: center;\">Ein Termin f\u00fcr eine Neuer\u00f6ffnung kann zur Zeit nicht genannt werden.<\/p>\n","protected":false},"excerpt":{"rendered":"<p>&#8222;Sch\u00fctzenhaus Hubertus&#8220; zur Zeit geschlossen. Ein Termin f\u00fcr eine Neuer\u00f6ffnung kann zur Zeit nicht genannt werden.<\/p>\n","protected":false},"author":2,"featured_media":0,"parent":0,"menu_order":0,"comment_status":"closed","ping_status":"closed","template":"","meta":{"footnotes":"","_links_to":"","_links_to_target":""},"class_list":["post-3293","page","type-page","status-publish","hentry"],"_links":{"self":[{"href":"https:\/\/hubertus-rodenbach.de\/index.php?rest_route=\/wp\/v2\/pages\/3293","targetHints":{"allow":["GET"]}}],"collection":[{"href":"https:\/\/hubertus-rodenbach.de\/index.php?rest_route=\/wp\/v2\/pages"}],"about":[{"href":"https:\/\/hubertus-rodenbach.de\/index.php?rest_route=\/wp\/v2\/types\/page"}],"author":[{"embeddable":true,"href":"https:\/\/hubertus-rodenbach.de\/index.php?rest_route=\/wp\/v2\/users\/2"}],"replies":[{"embeddable":true,"href":"https:\/\/hubertus-rodenbach.de\/index.php?rest_route=%2Fwp%2Fv2%2Fcomments&post=3293"}],"version-history":[{"count":22,"href":"https:\/\/hubertus-rodenbach.de\/index.php?rest_route=\/wp\/v2\/pages\/3293\/revisions"}],"predecessor-version":[{"id":3739,"href":"https:\/\/hubertus-rodenbach.de\/index.php?rest_route=\/wp\/v2\/pages\/3293\/revisions\/3739"}],"wp:attachment":[{"href":"https:\/\/hubertus-rodenbach.de\/index.php?rest_route=%2Fwp%2Fv2%2Fmedia&parent=3293"}],"curies":[{"name":"wp","href":"https:\/\/api.w.org\/{rel}","templated":true}]}}