{"id":2760,"date":"2023-12-03T13:14:37","date_gmt":"2023-12-03T12:14:37","guid":{"rendered":"https:\/\/hubertus-rodenbach.de\/?page_id=2760"},"modified":"2025-12-21T22:33:44","modified_gmt":"2025-12-21T21:33:44","slug":"vereinspokal","status":"publish","type":"page","link":"https:\/\/hubertus-rodenbach.de\/?page_id=2760","title":{"rendered":"Vereinspokal"},"content":{"rendered":"<div style=\"text-align: center;\"><a href=\"https:\/\/hubertus-rodenbach.de\/wordpress\/wp-content\/uploads\/2023\/12\/52145_2023_x250_1682426778.jpg\"><img loading=\"lazy\" decoding=\"async\" class=\"alignnone size-full wp-image-2762\" src=\"https:\/\/hubertus-rodenbach.de\/wordpress\/wp-content\/uploads\/2023\/12\/52145_2023_x250_1682426778.jpg\" alt=\"\" width=\"101\" height=\"250\" \/><\/a><\/div>\n<div><\/div>\n<p><strong>Vereinspokal<\/strong> <strong>f\u00fcr Pistolendisziplinen<\/strong><\/p>\n<p>Auch im kommenden Jahr wird es wieder den Wettbewerb \u201eVereinspokal\u201c geben. Neu ist, dass er nicht nur auf die Luftpistole beschr\u00e4nkt bleibt. Er findet mit der Sportpistole, der Gro\u00dfkaliberpistole und der Luftpistole statt.<\/p>\n<p>In der Zeit von Januar bis einschlie\u00dflich November 2026 m\u00fcssen mindestens 5 Wertungsergebnisse dem Vorstand gemeldet werden. Werden mehr als 5 Ergebnisse geschossen, gehen die jeweils besten 5 Ergebnisse in die Wertung ein. Ergebnisse von Rundenwettk\u00e4mpfen werden nicht einbezogen.<\/p>\n<p>Die Wertungsprogramme sehen wie folgt aus:<br \/>\nMit der Sportpistole: 15 Schuss Pr\u00e4zision und 15 Schuss Duell.<br \/>\nMit der GK-Pistole: 20 Schuss Pr\u00e4zision und 20 Schuss Duell<br \/>\nMit der LP: 40 Schuss.<\/p>\n<p>Die beschossenen Scheiben sind mit der Abk\u00fcrzung VP (f\u00fcr Vereinspokal), dem Datum und dem Namen des Sch\u00fctzen auf dem Schreibtisch des 10m Standes abzulegen.<br \/>\nF\u00fcr die LP ist der Meytonausdruck mit den vorgenannten Angaben ebenfalls auf dem Schreibtisch abzulegen.<\/p>\n<p>Sieger wird, wer in der jeweiligen Disziplin die h\u00f6chste Gesamtringzahl erreicht. Er erh\u00e4lt f\u00fcr den Sieg einen Pokal und einen Gutschein in H\u00f6he von 50 Euro, der in unserer Gastst\u00e4tte eingel\u00f6st werden kann.<\/p>\n<p>Dar\u00fcber hinaus wird unter allen Teilnehmern mit mindestens 5 Wertungsergebnissen (au\u00dfer den Pokalgewinnern), die w\u00e4hrend der Weihnachtsfeier anwesend sind, ein Gutschein \u00fcber 50 Euro verlost.<\/p>\n<p>Wenn ihr noch Fragen dazu habt, wendet euch bitte an ein Vorstandsmitglied.<\/p>\n<p>Sportliche Gr\u00fc\u00dfe<br \/>\nDer Vorstand<\/p>\n<p><a href=\"https:\/\/hubertus-rodenbach.de\/?page_id=2767\" target=\"_blank\" rel=\"noopener\">Zu den Ergebnissen 2025 \/ 2026<\/a><\/p>\n","protected":false},"excerpt":{"rendered":"<p>Vereinspokal f\u00fcr Pistolendisziplinen Auch im kommenden Jahr wird es wieder den Wettbewerb \u201eVereinspokal\u201c geben. Neu ist, dass er nicht nur auf die Luftpistole beschr\u00e4nkt bleibt. Er findet mit der Sportpistole, der Gro\u00dfkaliberpistole und der Luftpistole statt. In der Zeit von &hellip; <a href=\"https:\/\/hubertus-rodenbach.de\/?page_id=2760\">Weiterlesen <span class=\"meta-nav\">&rarr;<\/span><\/a><\/p>\n","protected":false},"author":2,"featured_media":0,"parent":0,"menu_order":0,"comment_status":"closed","ping_status":"closed","template":"","meta":{"footnotes":"","_links_to":"","_links_to_target":""},"class_list":["post-2760","page","type-page","status-publish","hentry"],"_links":{"self":[{"href":"https:\/\/hubertus-rodenbach.de\/index.php?rest_route=\/wp\/v2\/pages\/2760","targetHints":{"allow":["GET"]}}],"collection":[{"href":"https:\/\/hubertus-rodenbach.de\/index.php?rest_route=\/wp\/v2\/pages"}],"about":[{"href":"https:\/\/hubertus-rodenbach.de\/index.php?rest_route=\/wp\/v2\/types\/page"}],"author":[{"embeddable":true,"href":"https:\/\/hubertus-rodenbach.de\/index.php?rest_route=\/wp\/v2\/users\/2"}],"replies":[{"embeddable":true,"href":"https:\/\/hubertus-rodenbach.de\/index.php?rest_route=%2Fwp%2Fv2%2Fcomments&post=2760"}],"version-history":[{"count":34,"href":"https:\/\/hubertus-rodenbach.de\/index.php?rest_route=\/wp\/v2\/pages\/2760\/revisions"}],"predecessor-version":[{"id":3586,"href":"https:\/\/hubertus-rodenbach.de\/index.php?rest_route=\/wp\/v2\/pages\/2760\/revisions\/3586"}],"wp:attachment":[{"href":"https:\/\/hubertus-rodenbach.de\/index.php?rest_route=%2Fwp%2Fv2%2Fmedia&parent=2760"}],"curies":[{"name":"wp","href":"https:\/\/api.w.org\/{rel}","templated":true}]}}