{"id":267,"date":"2014-05-19T13:18:23","date_gmt":"2014-05-19T11:18:23","guid":{"rendered":"http:\/\/hubertus-rodenbach.de\/wordpress\/?page_id=267"},"modified":"2025-03-27T09:58:21","modified_gmt":"2025-03-27T08:58:21","slug":"startseite","status":"publish","type":"page","link":"https:\/\/hubertus-rodenbach.de\/","title":{"rendered":"Startseite"},"content":{"rendered":"<h2 style=\"text-align: center;\">\u00a0 \u00a0 \u00a0 \u00a0 \u00a0 Willkommen auf den Internetseiten unseres Vereins.<\/h2>\n<h2 style=\"text-align: center;\"><a href=\"https:\/\/hubertus-rodenbach.de\/wordpress\/hochladen\/bilder\/Schuetzenhaus.JPG\"><img loading=\"lazy\" decoding=\"async\" class=\"alignnone size-large wp-image-1580 alignleft\" src=\"https:\/\/hubertus-rodenbach.de\/wordpress\/hochladen\/bilder\/Schuetzenhaus.JPG\" alt=\"Vereinsheim des Sch\u00fctzenvereins Huberts Niederrodenbach\" width=\"584\" height=\"329\" \/><\/a><\/h2>\n<p style=\"text-align: justify;\">Unser Verein wurde im Jahr 1959 gegr\u00fcndet. Auf zw\u00f6lf 50-m-St\u00e4nden, zehn 25-m-Bahnen und zw\u00f6lf 10-m elektronische Meyton-St\u00e4nde k\u00f6nnen die meisten Wettbewerbe des Deutschen Sch\u00fctzenbundes ausgetragen werden. Unsere Trainingszeiten sind so gro\u00dfz\u00fcgig bemessen, dass jeder einen Tag finden kann, an dem er seinem Hobby, dem Schie\u00dfsport, nachgehen kann.<\/p>\n<p style=\"text-align: center;\"><a href=\"https:\/\/hubertus-rodenbach.de\/wordpress\/wp-content\/uploads\/2023\/10\/nachher-e1743065278554.jpg\"><img loading=\"lazy\" decoding=\"async\" class=\"alignnone size-thumbnail wp-image-2736\" src=\"https:\/\/hubertus-rodenbach.de\/wordpress\/wp-content\/uploads\/2023\/10\/nachher-150x150.jpg\" alt=\"\" width=\"150\" height=\"150\" \/><\/a> \u00a0\u00a0\u00a0\u00a0\u00a0\u00a0\u00a0\u00a0 <a href=\"https:\/\/hubertus-rodenbach.de\/wordpress\/wp-content\/uploads\/2023\/10\/spopi-stand-2-e1743065429260.jpg\"><img loading=\"lazy\" decoding=\"async\" class=\"alignnone size-thumbnail wp-image-2746\" src=\"https:\/\/hubertus-rodenbach.de\/wordpress\/wp-content\/uploads\/2023\/10\/spopi-stand-2-150x150.jpg\" alt=\"\" width=\"150\" height=\"150\" \/><\/a> \u00a0\u00a0\u00a0\u00a0\u00a0\u00a0\u00a0 <a href=\"https:\/\/hubertus-rodenbach.de\/wordpress\/wp-content\/uploads\/2023\/10\/50m-stand-2-300x151-1-e1743065463988.jpg\"><img loading=\"lazy\" decoding=\"async\" class=\"alignnone size-thumbnail wp-image-2751\" src=\"https:\/\/hubertus-rodenbach.de\/wordpress\/wp-content\/uploads\/2023\/10\/50m-stand-2-300x151-1-150x150.jpg\" alt=\"\" width=\"150\" height=\"150\" \/><\/a><br \/>\n10m-St\u00e4nde\u00a0\u00a0\u00a0\u00a0\u00a0\u00a0\u00a0\u00a0\u00a0\u00a0\u00a0\u00a0\u00a0\u00a0\u00a0\u00a0\u00a0\u00a0\u00a0\u00a0\u00a0\u00a0\u00a0\u00a0\u00a0\u00a0 \u00a0 \u00a0 25m-St\u00e4nde\u00a0\u00a0\u00a0\u00a0\u00a0\u00a0\u00a0\u00a0\u00a0\u00a0\u00a0\u00a0\u00a0\u00a0\u00a0\u00a0\u00a0\u00a0\u00a0\u00a0\u00a0\u00a0\u00a0\u00a0\u00a0\u00a0\u00a0\u00a0\u00a0\u00a0\u00a0 50m-St\u00e4nde<\/p>\n<p><!--\n\n\n<p style=\"text-align: left;\">Die nachfolgende Diashow vermittelt einige Eindr\u00fccke von unserer Schie\u00dfanlage.<\/p>\n\n\n[slideshow_deploy id='283']--><\/p>\n","protected":false},"excerpt":{"rendered":"<p>\u00a0 \u00a0 \u00a0 \u00a0 \u00a0 Willkommen auf den Internetseiten unseres Vereins. Unser Verein wurde im Jahr 1959 gegr\u00fcndet. Auf zw\u00f6lf 50-m-St\u00e4nden, zehn 25-m-Bahnen und zw\u00f6lf 10-m elektronische Meyton-St\u00e4nde k\u00f6nnen die meisten Wettbewerbe des Deutschen Sch\u00fctzenbundes ausgetragen werden. Unsere Trainingszeiten sind &hellip; <a href=\"https:\/\/hubertus-rodenbach.de\/\">Weiterlesen <span class=\"meta-nav\">&rarr;<\/span><\/a><\/p>\n","protected":false},"author":3,"featured_media":0,"parent":0,"menu_order":0,"comment_status":"closed","ping_status":"closed","template":"sidebar-page.php","meta":{"footnotes":"","_links_to":"","_links_to_target":""},"class_list":["post-267","page","type-page","status-publish","hentry"],"_links":{"self":[{"href":"https:\/\/hubertus-rodenbach.de\/index.php?rest_route=\/wp\/v2\/pages\/267","targetHints":{"allow":["GET"]}}],"collection":[{"href":"https:\/\/hubertus-rodenbach.de\/index.php?rest_route=\/wp\/v2\/pages"}],"about":[{"href":"https:\/\/hubertus-rodenbach.de\/index.php?rest_route=\/wp\/v2\/types\/page"}],"author":[{"embeddable":true,"href":"https:\/\/hubertus-rodenbach.de\/index.php?rest_route=\/wp\/v2\/users\/3"}],"replies":[{"embeddable":true,"href":"https:\/\/hubertus-rodenbach.de\/index.php?rest_route=%2Fwp%2Fv2%2Fcomments&post=267"}],"version-history":[{"count":50,"href":"https:\/\/hubertus-rodenbach.de\/index.php?rest_route=\/wp\/v2\/pages\/267\/revisions"}],"predecessor-version":[{"id":3376,"href":"https:\/\/hubertus-rodenbach.de\/index.php?rest_route=\/wp\/v2\/pages\/267\/revisions\/3376"}],"wp:attachment":[{"href":"https:\/\/hubertus-rodenbach.de\/index.php?rest_route=%2Fwp%2Fv2%2Fmedia&parent=267"}],"curies":[{"name":"wp","href":"https:\/\/api.w.org\/{rel}","templated":true}]}}