{"id":227,"date":"2014-05-19T12:33:33","date_gmt":"2014-05-19T10:33:33","guid":{"rendered":"http:\/\/hubertus-rodenbach.de\/wordpress\/?page_id=227"},"modified":"2025-01-15T09:53:05","modified_gmt":"2025-01-15T08:53:05","slug":"koenige-und-ritter","status":"publish","type":"page","link":"https:\/\/hubertus-rodenbach.de\/?page_id=227","title":{"rendered":"K\u00f6nige und Ritter"},"content":{"rendered":"<p style=\"text-align: justify;\">Nachfolgend sind die Sch\u00fctzenk\u00f6nige und Ritter seit der Vereinsgr\u00fcndung aufgef\u00fchrt. Von 1978 bis 2017 wurde das K\u00f6nigsschie\u00dfen mit dem Schwarzpulvergewhr auf einen h\u00f6lzernen K\u00f6nigsadler ausgetragen. In den Jahren davor wurden der Sch\u00fctzenk\u00f6nig und die Ritter mit dem Luftgewehr ermittelt. Ab 2018 wird wieder mit dem KK-Sportgewehr auf den K\u00f6nigsadler und die Ehrenscheibe geschossen.<\/p>\n\n<table id=\"tablepress-5\" class=\"tablepress tablepress-id-5\">\n<thead>\n<tr class=\"row-1\">\n\t<td class=\"column-1\"><\/td><td class=\"column-2\"><\/td><td class=\"column-3\"><\/td><td class=\"column-4\"><\/td><td class=\"column-5\"><\/td>\n<\/tr>\n<\/thead>\n<tbody class=\"row-striping row-hover\">\n<tr class=\"row-2\">\n\t<td class=\"column-1\">Jahr<\/td><td class=\"column-2\">Sch\u00fctzenk\u00f6nig<\/td><td class=\"column-3\">1. Ritter<\/td><td class=\"column-4\">2. Ritter<\/td><td class=\"column-5\">Ehrenscheibe<\/td>\n<\/tr>\n<tr class=\"row-3\">\n\t<td class=\"column-1\">2025<\/td><td class=\"column-2\">Klaus Kuhl<\/td><td class=\"column-3\">Norbert Weckmann<\/td><td class=\"column-4\">Bernd Krebs<\/td><td class=\"column-5\"><\/td>\n<\/tr>\n<tr class=\"row-4\">\n\t<td class=\"column-1\">2024<\/td><td class=\"column-2\">Klaus Kuhl<\/td><td class=\"column-3\">Ralf Leyens<\/td><td class=\"column-4\">J\u00f6rg Benthien<\/td><td class=\"column-5\">Klaus Kuhl<\/td>\n<\/tr>\n<tr class=\"row-5\">\n\t<td class=\"column-1\">2023<\/td><td class=\"column-2\">Marcus Kiwus<\/td><td class=\"column-3\">Norbert Link<\/td><td class=\"column-4\">Norbert Weckmann<\/td><td class=\"column-5\">Dennis Berlinger<\/td>\n<\/tr>\n<tr class=\"row-6\">\n\t<td class=\"column-1\">2022<\/td><td class=\"column-2\">Heike Link<\/td><td class=\"column-3\">Dennis Berlinger<\/td><td class=\"column-4\">Daniel Bernhardt<\/td><td class=\"column-5\">Alexander Bernhardt<\/td>\n<\/tr>\n<tr class=\"row-7\">\n\t<td class=\"column-1\">2021<\/td><td class=\"column-2\">Marcus Kiwus<\/td><td class=\"column-3\">Bernd Krebs<\/td><td class=\"column-4\">J\u00f6rg Benthien<\/td><td class=\"column-5\">Ulrike Benthien<\/td>\n<\/tr>\n<tr class=\"row-8\">\n\t<td class=\"column-1\">2020<\/td><td class=\"column-2\">wegen Corona ausgefallen<\/td><td class=\"column-3\"><\/td><td class=\"column-4\"><\/td><td class=\"column-5\"><\/td>\n<\/tr>\n<tr class=\"row-9\">\n\t<td class=\"column-1\">2019<\/td><td class=\"column-2\">Marcel Berlinger<\/td><td class=\"column-3\">Dennis Berlinger<\/td><td class=\"column-4\">J\u00f6rg Gl\u00e4ser<\/td><td class=\"column-5\">Michael Reiber<\/td>\n<\/tr>\n<tr class=\"row-10\">\n\t<td class=\"column-1\">2018<\/td><td class=\"column-2\">Michael Reiber<\/td><td class=\"column-3\">J\u00f6rg Gl\u00e4ser<\/td><td class=\"column-4\">Norbert Weckmann<\/td><td class=\"column-5\">Heike Link<\/td>\n<\/tr>\n<tr class=\"row-11\">\n\t<td class=\"column-1\">2017<\/td><td class=\"column-2\">Michael Reiber<\/td><td class=\"column-3\">Marcel Berlinger<\/td><td class=\"column-4\">J\u00f6rg Gl\u00e4ser<\/td><td class=\"column-5\">Dennis Berlinger<\/td>\n<\/tr>\n<tr class=\"row-12\">\n\t<td class=\"column-1\">2016<\/td><td class=\"column-2\">Daniel Bernhardt<\/td><td class=\"column-3\">Norbert Weckmann<\/td><td class=\"column-4\">Marco Klein<\/td><td class=\"column-5\"><\/td>\n<\/tr>\n<tr class=\"row-13\">\n\t<td class=\"column-1\">2015<\/td><td class=\"column-2\">Ralf Leyens<\/td><td class=\"column-3\">Alexander Bernhardt<\/td><td class=\"column-4\">Norbert Weckmann<\/td><td class=\"column-5\">Robert Blum<\/td>\n<\/tr>\n<tr class=\"row-14\">\n\t<td class=\"column-1\">2014<\/td><td class=\"column-2\">Wolfgang Kie\u00dfling<\/td><td class=\"column-3\">Richard Hinz<\/td><td class=\"column-4\">Daniel Bernhardt<\/td><td class=\"column-5\">Peter Hoffmann<\/td>\n<\/tr>\n<tr class=\"row-15\">\n\t<td class=\"column-1\">2013<\/td><td class=\"column-2\">Daniel Bernhardt<\/td><td class=\"column-3\">Martin Richter<\/td><td class=\"column-4\">J\u00f6rg Gl\u00e4ser<\/td><td class=\"column-5\">Arno Walter<\/td>\n<\/tr>\n<tr class=\"row-16\">\n\t<td class=\"column-1\">2012<\/td><td class=\"column-2\">Wolfgang Kie\u00dfling<\/td><td class=\"column-3\">Ralf Leyens<\/td><td class=\"column-4\">Helmut Freter<\/td><td class=\"column-5\"><\/td>\n<\/tr>\n<tr class=\"row-17\">\n\t<td class=\"column-1\">2011<\/td><td class=\"column-2\">Peter Hoffmann<\/td><td class=\"column-3\">Ursula Weissenborn<\/td><td class=\"column-4\">Ralf Leyens<\/td><td class=\"column-5\">Kerstin Arnold<\/td>\n<\/tr>\n<tr class=\"row-18\">\n\t<td class=\"column-1\">2010<\/td><td class=\"column-2\">Gerd Weissenborn<\/td><td class=\"column-3\">J\u00f6rg Gl\u00e4ser<\/td><td class=\"column-4\">Wolfgang Weigl<\/td><td class=\"column-5\">Peter Hoffmann<\/td>\n<\/tr>\n<tr class=\"row-19\">\n\t<td class=\"column-1\">2009<\/td><td class=\"column-2\">Horst Bormann<\/td><td class=\"column-3\">Klaus Richter<\/td><td class=\"column-4\">Daniel Bernhardt<\/td><td class=\"column-5\">J\u00f6rg Gl\u00e4ser<\/td>\n<\/tr>\n<tr class=\"row-20\">\n\t<td class=\"column-1\">2008<\/td><td class=\"column-2\">Wolfgang Weigl<\/td><td class=\"column-3\">Heinz Schmidt<\/td><td class=\"column-4\">Arno Walter<\/td><td class=\"column-5\">Erich Langer<\/td>\n<\/tr>\n<tr class=\"row-21\">\n\t<td class=\"column-1\">2007<\/td><td class=\"column-2\">Peter Hoffmann<\/td><td class=\"column-3\">Maria Reu\u00dfwig<\/td><td class=\"column-4\">Andreas Bartl<\/td><td class=\"column-5\">Horst Ivens<\/td>\n<\/tr>\n<tr class=\"row-22\">\n\t<td class=\"column-1\">2006<\/td><td class=\"column-2\">Ferenc Borsi<\/td><td class=\"column-3\">Gerhard Schulz<\/td><td class=\"column-4\">Werner Kurzschenkel<\/td><td class=\"column-5\">Bj\u00f6rn Strau\u00df<\/td>\n<\/tr>\n<tr class=\"row-23\">\n\t<td class=\"column-1\">2005<\/td><td class=\"column-2\"> Peter Hoffmann<\/td><td class=\"column-3\">Susanne Gilliar<\/td><td class=\"column-4\">Holger Bug<\/td><td class=\"column-5\">Heinz Schmidt<\/td>\n<\/tr>\n<tr class=\"row-24\">\n\t<td class=\"column-1\">2004<\/td><td class=\"column-2\">Robert Blum<\/td><td class=\"column-3\">Czeslaw Janowski<\/td><td class=\"column-4\">Andreas Bartl<\/td><td class=\"column-5\">Horst Ivens<\/td>\n<\/tr>\n<tr class=\"row-25\">\n\t<td class=\"column-1\">2003<\/td><td class=\"column-2\">Gerhard Schulz<\/td><td class=\"column-3\">Arno Walter<\/td><td class=\"column-4\">Brigitte Ivens<\/td><td class=\"column-5\"><\/td>\n<\/tr>\n<tr class=\"row-26\">\n\t<td class=\"column-1\">2002<\/td><td class=\"column-2\">Werner Kurzschenkel<\/td><td class=\"column-3\">Helmut Steinacker<\/td><td class=\"column-4\">Bernd Krebs<\/td><td class=\"column-5\"><\/td>\n<\/tr>\n<tr class=\"row-27\">\n\t<td class=\"column-1\">2001<\/td><td class=\"column-2\">Gerhard Schulz<\/td><td class=\"column-3\">Werner Ruth<\/td><td class=\"column-4\">Robert Gilliar<\/td><td class=\"column-5\">Thorsten Distler<\/td>\n<\/tr>\n<tr class=\"row-28\">\n\t<td class=\"column-1\">2000<\/td><td class=\"column-2\"> Frank Kleff<\/td><td class=\"column-3\">Heinz Schmidt<\/td><td class=\"column-4\">Arno Walter<\/td><td class=\"column-5\"><\/td>\n<\/tr>\n<tr class=\"row-29\">\n\t<td class=\"column-1\">1999<\/td><td class=\"column-2\">Heinz Schmidt<\/td><td class=\"column-3\">Werner Ruth<\/td><td class=\"column-4\">Brigitte Ivens<\/td><td class=\"column-5\">Helmut Freter<\/td>\n<\/tr>\n<tr class=\"row-30\">\n\t<td class=\"column-1\">1998<\/td><td class=\"column-2\">Ren\u00e9 Scheumann<\/td><td class=\"column-3\">Silvia Heisel<\/td><td class=\"column-4\">Wolfgang Weigel<\/td><td class=\"column-5\">Bernd Krebs<\/td>\n<\/tr>\n<tr class=\"row-31\">\n\t<td class=\"column-1\">1997<\/td><td class=\"column-2\">Wolfgang Weigl<\/td><td class=\"column-3\"> David Hart<\/td><td class=\"column-4\">Susanne Grabowski<\/td><td class=\"column-5\">Werner Ruth<\/td>\n<\/tr>\n<tr class=\"row-32\">\n\t<td class=\"column-1\">1996<\/td><td class=\"column-2\">Andreas Bartl<\/td><td class=\"column-3\">Peter Detsch<\/td><td class=\"column-4\">Jochen Bartl<\/td><td class=\"column-5\">Bernd Krebs<\/td>\n<\/tr>\n<tr class=\"row-33\">\n\t<td class=\"column-1\">1995<\/td><td class=\"column-2\"> Peter Hoffmann<\/td><td class=\"column-3\"> Robert Knorr<\/td><td class=\"column-4\">Michael Landau<\/td><td class=\"column-5\">Josef Kabus<\/td>\n<\/tr>\n<tr class=\"row-34\">\n\t<td class=\"column-1\">1994<\/td><td class=\"column-2\">Rosemarie Bormann<\/td><td class=\"column-3\">Andreas Bartl<\/td><td class=\"column-4\">Wolfgang Weigl<\/td><td class=\"column-5\">Siegfried Olbrich<\/td>\n<\/tr>\n<tr class=\"row-35\">\n\t<td class=\"column-1\">1993<\/td><td class=\"column-2\">Brigitte Ivens<\/td><td class=\"column-3\">Anton Mulijon<\/td><td class=\"column-4\">Gerhard Bra<\/td><td class=\"column-5\">J\u00fcrgen K\u00f6hler<\/td>\n<\/tr>\n<tr class=\"row-36\">\n\t<td class=\"column-1\">1992<\/td><td class=\"column-2\">Horst Eurich<\/td><td class=\"column-3\">Peter Wagner<\/td><td class=\"column-4\">Brigitte Ivens<\/td><td class=\"column-5\">Karsten Krey<\/td>\n<\/tr>\n<tr class=\"row-37\">\n\t<td class=\"column-1\">1991<\/td><td class=\"column-2\">Wolfgang Weigl<\/td><td class=\"column-3\"> Peter Hoffmann<\/td><td class=\"column-4\">Horst Eurich<\/td><td class=\"column-5\">Dieter Gumbinger<\/td>\n<\/tr>\n<tr class=\"row-38\">\n\t<td class=\"column-1\">1990<\/td><td class=\"column-2\">Horst Eurich<\/td><td class=\"column-3\">Siegfried Olbrich<\/td><td class=\"column-4\">Peter Hoffmann<\/td><td class=\"column-5\">Dieter Gumbinger<\/td>\n<\/tr>\n<tr class=\"row-39\">\n\t<td class=\"column-1\">1989<\/td><td class=\"column-2\">Klaus Richter<\/td><td class=\"column-3\"> Rosemarie Bormann<\/td><td class=\"column-4\">Rudolf Spiekermann<\/td><td class=\"column-5\">Friedl Olbrich<\/td>\n<\/tr>\n<tr class=\"row-40\">\n\t<td class=\"column-1\">1988<\/td><td class=\"column-2\">Dieter Gumbinger<\/td><td class=\"column-3\">Norbert Link<\/td><td class=\"column-4\">Ralf Leyens<\/td><td class=\"column-5\"><\/td>\n<\/tr>\n<tr class=\"row-41\">\n\t<td class=\"column-1\">1987<\/td><td class=\"column-2\">Herbert H\u00fcttel<\/td><td class=\"column-3\">Robert Knorr<\/td><td class=\"column-4\">Helmut Freter<\/td><td class=\"column-5\">Robert Knorr<\/td>\n<\/tr>\n<tr class=\"row-42\">\n\t<td class=\"column-1\">1986<\/td><td class=\"column-2\"> Klaus Richter<\/td><td class=\"column-3\">Karl Bielewski<\/td><td class=\"column-4\">Ralf B\u00f6hm<\/td><td class=\"column-5\">Rolf Henney<\/td>\n<\/tr>\n<tr class=\"row-43\">\n\t<td class=\"column-1\">1985<\/td><td class=\"column-2\">J\u00f6rg Beyrei\u00df<\/td><td class=\"column-3\">Ralf Leyens<\/td><td class=\"column-4\">Norbert Link<\/td><td class=\"column-5\">Thorsten Breideband<\/td>\n<\/tr>\n<tr class=\"row-44\">\n\t<td class=\"column-1\">1984<\/td><td class=\"column-2\">Reinhard Detsch<\/td><td class=\"column-3\">Horst Pfeifer<\/td><td class=\"column-4\">Norbert Link<\/td><td class=\"column-5\"><\/td>\n<\/tr>\n<tr class=\"row-45\">\n\t<td class=\"column-1\">1983<\/td><td class=\"column-2\">Rainer Bang<\/td><td class=\"column-3\">J\u00f6rg Prescher<\/td><td class=\"column-4\">Peter Gr\u00fcn<\/td><td class=\"column-5\"><\/td>\n<\/tr>\n<tr class=\"row-46\">\n\t<td class=\"column-1\">1982<\/td><td class=\"column-2\">Karlheinz Zell<\/td><td class=\"column-3\">J\u00fcrgen Poztzioch<\/td><td class=\"column-4\"> Gerhard Brandt<\/td><td class=\"column-5\"><\/td>\n<\/tr>\n<tr class=\"row-47\">\n\t<td class=\"column-1\">1981<\/td><td class=\"column-2\">Klaus Puhl<\/td><td class=\"column-3\">Burkhard M\u00fcller<\/td><td class=\"column-4\">Hubert Eck<\/td><td class=\"column-5\"><\/td>\n<\/tr>\n<tr class=\"row-48\">\n\t<td class=\"column-1\">1980<\/td><td class=\"column-2\">Klaus Richter<\/td><td class=\"column-3\">Karlheinz Zell<\/td><td class=\"column-4\">Norbert Koloczek<\/td><td class=\"column-5\"><\/td>\n<\/tr>\n<tr class=\"row-49\">\n\t<td class=\"column-1\">1979<\/td><td class=\"column-2\">Erika Olbrich<\/td><td class=\"column-3\">Norbert Schmidt<\/td><td class=\"column-4\">Klaus Richter<\/td><td class=\"column-5\"><\/td>\n<\/tr>\n<tr class=\"row-50\">\n\t<td class=\"column-1\">1978<\/td><td class=\"column-2\">G\u00fcnter Reffel<\/td><td class=\"column-3\"> Peter Kraft <\/td><td class=\"column-4\">Norbert Olbrich<\/td><td class=\"column-5\"><\/td>\n<\/tr>\n<tr class=\"row-51\">\n\t<td class=\"column-1\">1977<\/td><td class=\"column-2\">Walter Weitzel<\/td><td class=\"column-3\">Peter Kraft<\/td><td class=\"column-4\">Horst Eurich<\/td><td class=\"column-5\"><\/td>\n<\/tr>\n<tr class=\"row-52\">\n\t<td class=\"column-1\">1976<\/td><td class=\"column-2\"> Karlheinz Zell<\/td><td class=\"column-3\">Siegfried Olbrich<\/td><td class=\"column-4\"> Josef Waschinger<\/td><td class=\"column-5\"><\/td>\n<\/tr>\n<tr class=\"row-53\">\n\t<td class=\"column-1\">1975<\/td><td class=\"column-2\">Lothar Auerhammer<\/td><td class=\"column-3\">Reinhard Zell<\/td><td class=\"column-4\">Siegfried Olbrich<\/td><td class=\"column-5\"><\/td>\n<\/tr>\n<tr class=\"row-54\">\n\t<td class=\"column-1\">1974<\/td><td class=\"column-2\">Karlheinz Zell<\/td><td class=\"column-3\"> Klaus Gaul<\/td><td class=\"column-4\"> Josef Waschinger<\/td><td class=\"column-5\"><\/td>\n<\/tr>\n<tr class=\"row-55\">\n\t<td class=\"column-1\">1973<\/td><td class=\"column-2\">Siegfried Olbrich<\/td><td class=\"column-3\">Peter Kraft<\/td><td class=\"column-4\">Reinhard Zell<\/td><td class=\"column-5\"><\/td>\n<\/tr>\n<tr class=\"row-56\">\n\t<td class=\"column-1\">1972<\/td><td class=\"column-2\">Peter Gr\u00fcn<\/td><td class=\"column-3\">Siegfried Olbrich<\/td><td class=\"column-4\">Hubert Eck<\/td><td class=\"column-5\"><\/td>\n<\/tr>\n<tr class=\"row-57\">\n\t<td class=\"column-1\">1971<\/td><td class=\"column-2\">Peter Gr\u00fcn<\/td><td class=\"column-3\">Klaus Gaul<\/td><td class=\"column-4\">Josef Waschinger<\/td><td class=\"column-5\"><\/td>\n<\/tr>\n<tr class=\"row-58\">\n\t<td class=\"column-1\">1967-1970<\/td><td class=\"column-2\">fand kein K\u00f6nigsschie\u00dfen statt<\/td><td class=\"column-3\"><\/td><td class=\"column-4\"><\/td><td class=\"column-5\"><\/td>\n<\/tr>\n<tr class=\"row-59\">\n\t<td class=\"column-1\">1966<\/td><td class=\"column-2\">Siegfried Olbrich<\/td><td class=\"column-3\">Peter Kraft<\/td><td class=\"column-4\">Heinrich R\u00f6mer<\/td><td class=\"column-5\"><\/td>\n<\/tr>\n<tr class=\"row-60\">\n\t<td class=\"column-1\">1965<\/td><td class=\"column-2\"> Norbert Link<\/td><td class=\"column-3\">Klaus Gaul<\/td><td class=\"column-4\">Reinhard Zell<\/td><td class=\"column-5\"><\/td>\n<\/tr>\n<tr class=\"row-61\">\n\t<td class=\"column-1\">1964<\/td><td class=\"column-2\">Lothar Auerhammer<\/td><td class=\"column-3\"> Reinhard Zell<\/td><td class=\"column-4\">Norbert Link<\/td><td class=\"column-5\"><\/td>\n<\/tr>\n<tr class=\"row-62\">\n\t<td class=\"column-1\">1963<\/td><td class=\"column-2\">Lothar Auerhammer<\/td><td class=\"column-3\">Fred Weisl<\/td><td class=\"column-4\">Alfred Schaak<\/td><td class=\"column-5\"><\/td>\n<\/tr>\n<tr class=\"row-63\">\n\t<td class=\"column-1\">1962<\/td><td class=\"column-2\">Josef Waschinger<\/td><td class=\"column-3\"><\/td><td class=\"column-4\"><\/td><td class=\"column-5\"><\/td>\n<\/tr>\n<tr class=\"row-64\">\n\t<td class=\"column-1\">1959-1961<\/td><td class=\"column-2\">fand kein K\u00f6nigsschie\u00dfen statt<\/td><td class=\"column-3\"><\/td><td class=\"column-4\"><\/td><td class=\"column-5\"><\/td>\n<\/tr>\n<\/tbody>\n<\/table>\n<!-- #tablepress-5 from cache -->\n","protected":false},"excerpt":{"rendered":"<p>Nachfolgend sind die Sch\u00fctzenk\u00f6nige und Ritter seit der Vereinsgr\u00fcndung aufgef\u00fchrt. Von 1978 bis 2017 wurde das K\u00f6nigsschie\u00dfen mit dem Schwarzpulvergewhr auf einen h\u00f6lzernen K\u00f6nigsadler ausgetragen. In den Jahren davor wurden der Sch\u00fctzenk\u00f6nig und die Ritter mit dem Luftgewehr ermittelt. Ab &hellip; <a href=\"https:\/\/hubertus-rodenbach.de\/?page_id=227\">Weiterlesen <span class=\"meta-nav\">&rarr;<\/span><\/a><\/p>\n","protected":false},"author":2,"featured_media":0,"parent":26,"menu_order":1,"comment_status":"closed","ping_status":"closed","template":"","meta":{"footnotes":"","_links_to":"","_links_to_target":""},"class_list":["post-227","page","type-page","status-publish","hentry"],"_links":{"self":[{"href":"https:\/\/hubertus-rodenbach.de\/index.php?rest_route=\/wp\/v2\/pages\/227","targetHints":{"allow":["GET"]}}],"collection":[{"href":"https:\/\/hubertus-rodenbach.de\/index.php?rest_route=\/wp\/v2\/pages"}],"about":[{"href":"https:\/\/hubertus-rodenbach.de\/index.php?rest_route=\/wp\/v2\/types\/page"}],"author":[{"embeddable":true,"href":"https:\/\/hubertus-rodenbach.de\/index.php?rest_route=\/wp\/v2\/users\/2"}],"replies":[{"embeddable":true,"href":"https:\/\/hubertus-rodenbach.de\/index.php?rest_route=%2Fwp%2Fv2%2Fcomments&post=227"}],"version-history":[{"count":8,"href":"https:\/\/hubertus-rodenbach.de\/index.php?rest_route=\/wp\/v2\/pages\/227\/revisions"}],"predecessor-version":[{"id":3307,"href":"https:\/\/hubertus-rodenbach.de\/index.php?rest_route=\/wp\/v2\/pages\/227\/revisions\/3307"}],"up":[{"embeddable":true,"href":"https:\/\/hubertus-rodenbach.de\/index.php?rest_route=\/wp\/v2\/pages\/26"}],"wp:attachment":[{"href":"https:\/\/hubertus-rodenbach.de\/index.php?rest_route=%2Fwp%2Fv2%2Fmedia&parent=227"}],"curies":[{"name":"wp","href":"https:\/\/api.w.org\/{rel}","templated":true}]}}