{"id":1648,"date":"2017-01-11T13:43:44","date_gmt":"2017-01-11T12:43:44","guid":{"rendered":"http:\/\/hubertus-rodenbach.de\/?page_id=1648"},"modified":"2019-03-13T15:24:04","modified_gmt":"2019-03-13T14:24:04","slug":"beitrittsinformationen","status":"publish","type":"page","link":"https:\/\/hubertus-rodenbach.de\/?page_id=1648","title":{"rendered":"Beitrittsinformationen"},"content":{"rendered":"<p>In unserem Verein findet das sportliche Schie\u00dfen nach den Regeln der Sportordnung des Deutschen Sch\u00fctzenbundes statt.<\/p>\n<p style=\"text-align: justify;\">Wer sich f\u00fcr eine Mitgliedschaft in unserem Verein interessiert, hat die M\u00f6glichkeit, an drei Probeterminen unter Aufsicht an unserem Training teilzunehmen und unseren Verein kennenzulernen . Hierzu bitten wir, unseren 1. Vorsitzenden per Telefon oder E-Mail zu kontaktieren . Interessenten, die noch keine schie\u00dfsportlichen Erfahrungen haben, werden zun\u00e4chst mit Luftdruckwaffen vertraut gemacht und dabei von sachkundigen Mitgliedern betreut.<\/p>\n<p style=\"text-align: justify;\">Nach den drei Probeterminen sollte entschieden werden, ob ein Aufnahmeantrag in den Verein gestellt wird. Nach erfolgter Aufnahme in unseren Verein, steht im ersten Jahr der Mitgliedschaft das Erlernen des Schie\u00dfsports \u00fcberwiegend mit den Luftdruckwaffen im Vordergrund. Wenn mit der jeweiligen Luftdruckwaffe ein ad\u00e4quates Leistungsniveau erreicht wird, kann das Training mit einer kleinkalibrigen Feuerwaffe begonnen werden.<\/p>\n<p style=\"text-align: justify;\">Unser Verein unterst\u00fctzt keine Interessenten, denen es nur darum geht so kurzfristig wie m\u00f6glich an erwerbsscheinpflichtige Feuerwaffen zu gelangen.<\/p>\n","protected":false},"excerpt":{"rendered":"<p>In unserem Verein findet das sportliche Schie\u00dfen nach den Regeln der Sportordnung des Deutschen Sch\u00fctzenbundes statt. Wer sich f\u00fcr eine Mitgliedschaft in unserem Verein interessiert, hat die M\u00f6glichkeit, an drei Probeterminen unter Aufsicht an unserem Training teilzunehmen und unseren Verein &hellip; <a href=\"https:\/\/hubertus-rodenbach.de\/?page_id=1648\">Weiterlesen <span class=\"meta-nav\">&rarr;<\/span><\/a><\/p>\n","protected":false},"author":3,"featured_media":0,"parent":26,"menu_order":0,"comment_status":"closed","ping_status":"closed","template":"","meta":{"footnotes":"","_links_to":"","_links_to_target":""},"class_list":["post-1648","page","type-page","status-publish","hentry"],"_links":{"self":[{"href":"https:\/\/hubertus-rodenbach.de\/index.php?rest_route=\/wp\/v2\/pages\/1648","targetHints":{"allow":["GET"]}}],"collection":[{"href":"https:\/\/hubertus-rodenbach.de\/index.php?rest_route=\/wp\/v2\/pages"}],"about":[{"href":"https:\/\/hubertus-rodenbach.de\/index.php?rest_route=\/wp\/v2\/types\/page"}],"author":[{"embeddable":true,"href":"https:\/\/hubertus-rodenbach.de\/index.php?rest_route=\/wp\/v2\/users\/3"}],"replies":[{"embeddable":true,"href":"https:\/\/hubertus-rodenbach.de\/index.php?rest_route=%2Fwp%2Fv2%2Fcomments&post=1648"}],"version-history":[{"count":3,"href":"https:\/\/hubertus-rodenbach.de\/index.php?rest_route=\/wp\/v2\/pages\/1648\/revisions"}],"predecessor-version":[{"id":1986,"href":"https:\/\/hubertus-rodenbach.de\/index.php?rest_route=\/wp\/v2\/pages\/1648\/revisions\/1986"}],"up":[{"embeddable":true,"href":"https:\/\/hubertus-rodenbach.de\/index.php?rest_route=\/wp\/v2\/pages\/26"}],"wp:attachment":[{"href":"https:\/\/hubertus-rodenbach.de\/index.php?rest_route=%2Fwp%2Fv2%2Fmedia&parent=1648"}],"curies":[{"name":"wp","href":"https:\/\/api.w.org\/{rel}","templated":true}]}}