{"id":1382,"date":"2015-12-18T11:17:22","date_gmt":"2015-12-18T09:17:22","guid":{"rendered":"http:\/\/hubertus-rodenbach.de\/?page_id=1382"},"modified":"2025-08-18T19:44:14","modified_gmt":"2025-08-18T17:44:14","slug":"ranglistenschiessen","status":"publish","type":"page","link":"https:\/\/hubertus-rodenbach.de\/?page_id=1382","title":{"rendered":"Standbelegungen"},"content":{"rendered":"<p>An folgenden Terminen ist unsere Schie\u00dfsportanlage belegt:<\/p>\n<p><strong>25-m Stand<\/strong><\/p>\n<p>sonntags 5 St\u00e4nde f\u00fcr den Verein Goldene Zehn Ravolzhausen<br \/>\ndonnerstags 5 St\u00e4nde f\u00fcr Tell R\u00fcckingen<\/p>\n<p><strong>50-m Stand<\/strong><\/p>\n<p>sonntags 5 St\u00e4nde f\u00fcr den Verein Goldene Zehn Ravolzhausen<br \/>\ndonnerstags 5 St\u00e4nde f\u00fcr Tell R\u00fcckingen<\/p>\n<p><strong>10-m Stand<\/strong><\/p>\n<p>Sonnabend, den 06.09.2025 wegen Bezirksk\u00f6nigsschie\u00dfen kein Training m\u00f6glich<\/p>\n","protected":false},"excerpt":{"rendered":"<p>An folgenden Terminen ist unsere Schie\u00dfsportanlage belegt: 25-m Stand sonntags 5 St\u00e4nde f\u00fcr den Verein Goldene Zehn Ravolzhausen donnerstags 5 St\u00e4nde f\u00fcr Tell R\u00fcckingen 50-m Stand sonntags 5 St\u00e4nde f\u00fcr den Verein Goldene Zehn Ravolzhausen donnerstags 5 St\u00e4nde f\u00fcr Tell &hellip; <a href=\"https:\/\/hubertus-rodenbach.de\/?page_id=1382\">Weiterlesen <span class=\"meta-nav\">&rarr;<\/span><\/a><\/p>\n","protected":false},"author":3,"featured_media":0,"parent":40,"menu_order":0,"comment_status":"closed","ping_status":"closed","template":"","meta":{"footnotes":"","_links_to":"","_links_to_target":""},"class_list":["post-1382","page","type-page","status-publish","hentry"],"_links":{"self":[{"href":"https:\/\/hubertus-rodenbach.de\/index.php?rest_route=\/wp\/v2\/pages\/1382","targetHints":{"allow":["GET"]}}],"collection":[{"href":"https:\/\/hubertus-rodenbach.de\/index.php?rest_route=\/wp\/v2\/pages"}],"about":[{"href":"https:\/\/hubertus-rodenbach.de\/index.php?rest_route=\/wp\/v2\/types\/page"}],"author":[{"embeddable":true,"href":"https:\/\/hubertus-rodenbach.de\/index.php?rest_route=\/wp\/v2\/users\/3"}],"replies":[{"embeddable":true,"href":"https:\/\/hubertus-rodenbach.de\/index.php?rest_route=%2Fwp%2Fv2%2Fcomments&post=1382"}],"version-history":[{"count":44,"href":"https:\/\/hubertus-rodenbach.de\/index.php?rest_route=\/wp\/v2\/pages\/1382\/revisions"}],"predecessor-version":[{"id":3447,"href":"https:\/\/hubertus-rodenbach.de\/index.php?rest_route=\/wp\/v2\/pages\/1382\/revisions\/3447"}],"up":[{"embeddable":true,"href":"https:\/\/hubertus-rodenbach.de\/index.php?rest_route=\/wp\/v2\/pages\/40"}],"wp:attachment":[{"href":"https:\/\/hubertus-rodenbach.de\/index.php?rest_route=%2Fwp%2Fv2%2Fmedia&parent=1382"}],"curies":[{"name":"wp","href":"https:\/\/api.w.org\/{rel}","templated":true}]}}