{"id":1049,"date":"2015-06-05T08:03:06","date_gmt":"2015-06-05T06:03:06","guid":{"rendered":"http:\/\/hubertus-rodenbach.de\/?page_id=1049"},"modified":"2026-03-19T11:28:55","modified_gmt":"2026-03-19T10:28:55","slug":"mitgliedschaft","status":"publish","type":"page","link":"https:\/\/hubertus-rodenbach.de\/?page_id=1049","title":{"rendered":"Mitgliedschaft"},"content":{"rendered":"<p>Unser Verein erhebt ab 2026 folgende Mitglieds-und Aufnahmebeitr\u00e4ge:<\/p>\n<p><strong>Erwachsene ab dem 21. Lebensjahr<\/strong><br \/>\nbezahlen einen Jahresbeitrag von 120,00 Euro.<br \/>\nDer Familienbeitrag betr\u00e4gt 150,00 Euro und schlie\u00dft Ehepartner und Lebensgef\u00e4hrten sowie deren Kinder unter 18 Jahren ein.<\/p>\n<p><strong>Jugendliche ab dem 18. Lebensjahr<\/strong><br \/>\nbezahlen einen Jahresbeitrag von 50,00 Euro. I<\/p>\n<p><strong>Jugendliche bis zum 18. Lebensjahr<\/strong><br \/>\nbezahlen einen Jahresbeitrag von 35,00 Euro.<\/p>\n<p><strong>Aufnahmegeb\u00fchren<br \/>\n<\/strong>Die Aufnahmegeb\u00fchr betr\u00e4gt f\u00fcr jeden der in den Verein eintritt 50,00 Euro.<\/p>\n<p><strong>Arbeitsstunden<br \/>\n<\/strong>wer die Schie\u00dfsportanlage mehr als 3 mal nutzt und das 65. Lebensjahr noch nicht erreicht hat, ist nach einem Beschluss der Mitgliederversammlung verpflichtet, 6 Arbeitsstunden im Jahr zu erbringen. Jede nicht geleistete Arbeitsstunde ist mit 25 Euro auszugleichen.<\/p>\n<p><strong>Ab 01.01.2017 wird f\u00fcr die Nutzung der Schie\u00dfanlage eine Schie\u00dfstandnutzungsgeb\u00fchr wie folgt erhoben.<\/strong><\/p>\n<p>Tagesgeb\u00fchr (pro Person, unabh\u00e4ngig von der Art der bestehenden Vereins-mitgliedschaft):<\/p>\n<p><strong>10m Schie\u00dfstand pro Schie\u00dftag<\/strong> 0,50 \u20ac Luftgewehr u. Luftpistole<br \/>\n<strong><br \/>\n25m Schie\u00dfstand pro Schie\u00dftag<\/strong><br \/>\n2,00 \u20ac Kleinkaliber<br \/>\n3,00 \u20ac Zentralfeuerpistole<br \/>\n4,00 \u20ac Gro\u00dfkaliberpistole<br \/>\n4,00 \u20ac Vorderladerpistole<br \/>\n<strong><br \/>\n50m Schie\u00dfstand pro Schie\u00dftag<\/strong><br \/>\n1,50 \u20ac KK-Sportgewehr<br \/>\n2,00 \u20ac Freie Pistole<br \/>\n4,00 \u20ac Vorderladergewehr<\/p>\n<p>Bei der Nutzung mehrerer St\u00e4nde pro Schie\u00dftag, ist die Geb\u00fchr des teuersten genutzten Standes zu entrichten.<\/p>\n<p>\u2022 Das erforderliche Scheibenmaterial wird vom Verein zur Verf\u00fcgung gestellt.<br \/>\n\u2022 Die Schie\u00dfstandgeb\u00fchren werden am Jahresende abgerechnet.<br \/>\n\u2022 Auf den St\u00e4nden ausgetragene Rundenwettk\u00e4mpfe, sowie Bezirks- und andere Meisterschaften sind von der Schie\u00dfstandnutzungsgeb\u00fchr ausgenommen.<\/p>\n<p><strong>Jahrespauschale:<\/strong><br \/>\nEs gibt die M\u00f6glichkeit, die Schie\u00dfstandnutzungsgeb\u00fchren mit einer Jahrespauschale zu bezahlen. Nach der erstmaligen Nutzung eines der jeweiligen Schie\u00dfst\u00e4nde hat das entsprechende Mitglied einen Monat Zeit, sich f\u00fcr die Zahlung der Jahrespauschale zu entscheiden. Stichtag ist der Eintrag in das Schie\u00dfbuch des jeweiligen Standes. Diese Regelung gilt pro Kalenderjahr. Die Zahlung der Jahrespauschale kann entweder durch \u00dcberweisung erfolgen oder durch Lastschrift. Hierzu ist eine E-Mail an den Kassierer zu schicken, durch die der Verein zum Bankeinzug aufgefordert und erm\u00e4chtigt wird.<\/p>\n<p>Folgende Jahrespauschalen werden erhoben:<br \/>\n\u2022 f\u00fcr den 10m-Schie\u00dfstand 15,- \u20ac<br \/>\n\u2022 f\u00fcr den 25m-Schie\u00dfstand 50,- \u20ac<br \/>\n\u2022 f\u00fcr den 50m-Schie\u00dfstand 30,- \u20ac<\/p>\n<p><strong>Von der Jahrespauschale befreit sind:<\/strong><\/p>\n<p>\u2022 Mitglieder mit erm\u00e4\u00dfigtem Mitgliedsbeitrag, das hei\u00dft, wer im entsprechenden<br \/>\nAbrechnungsjahr in der Einzelmitgliedschaft oder in der Familienmitgliedschaft weniger als den f\u00fcr die jeweilige Art der Mitgliedschaft geltenden Regelbeitrag bezahlt.<\/p>\n<p>\u2022 Mitglieder, die mindestens 20 Arbeitsstunden in dem entsprechenden Jahr erbracht haben<\/p>\n<p>\u2022 Sch\u00fcler und Jugendliche<\/p>\n<p>Diese Regelung greift ab dem 01.01.2017 und gilt f\u00fcr alle Vereinsmitglieder.<br \/>\nF\u00fcr Gastsch\u00fctzen gibt es eine separate Regelung.<\/p>\n<p><span style=\"color: #00ccff;\"><a style=\"color: #00ccff;\" href=\"https:\/\/hubertus-rodenbach.de\/wordpress\/wp-content\/uploads\/2026\/03\/Aufnahmeantrag.pdf\">AUFNAHMEANTRAG<\/a><\/span><\/p>\n","protected":false},"excerpt":{"rendered":"<p>Unser Verein erhebt ab 2026 folgende Mitglieds-und Aufnahmebeitr\u00e4ge: Erwachsene ab dem 21. Lebensjahr bezahlen einen Jahresbeitrag von 120,00 Euro. Der Familienbeitrag betr\u00e4gt 150,00 Euro und schlie\u00dft Ehepartner und Lebensgef\u00e4hrten sowie deren Kinder unter 18 Jahren ein. Jugendliche ab dem 18. &hellip; <a href=\"https:\/\/hubertus-rodenbach.de\/?page_id=1049\">Weiterlesen <span class=\"meta-nav\">&rarr;<\/span><\/a><\/p>\n","protected":false},"author":3,"featured_media":0,"parent":26,"menu_order":0,"comment_status":"closed","ping_status":"closed","template":"","meta":{"footnotes":"","_links_to":"","_links_to_target":""},"class_list":["post-1049","page","type-page","status-publish","hentry"],"_links":{"self":[{"href":"https:\/\/hubertus-rodenbach.de\/index.php?rest_route=\/wp\/v2\/pages\/1049","targetHints":{"allow":["GET"]}}],"collection":[{"href":"https:\/\/hubertus-rodenbach.de\/index.php?rest_route=\/wp\/v2\/pages"}],"about":[{"href":"https:\/\/hubertus-rodenbach.de\/index.php?rest_route=\/wp\/v2\/types\/page"}],"author":[{"embeddable":true,"href":"https:\/\/hubertus-rodenbach.de\/index.php?rest_route=\/wp\/v2\/users\/3"}],"replies":[{"embeddable":true,"href":"https:\/\/hubertus-rodenbach.de\/index.php?rest_route=%2Fwp%2Fv2%2Fcomments&post=1049"}],"version-history":[{"count":19,"href":"https:\/\/hubertus-rodenbach.de\/index.php?rest_route=\/wp\/v2\/pages\/1049\/revisions"}],"predecessor-version":[{"id":3691,"href":"https:\/\/hubertus-rodenbach.de\/index.php?rest_route=\/wp\/v2\/pages\/1049\/revisions\/3691"}],"up":[{"embeddable":true,"href":"https:\/\/hubertus-rodenbach.de\/index.php?rest_route=\/wp\/v2\/pages\/26"}],"wp:attachment":[{"href":"https:\/\/hubertus-rodenbach.de\/index.php?rest_route=%2Fwp%2Fv2%2Fmedia&parent=1049"}],"curies":[{"name":"wp","href":"https:\/\/api.w.org\/{rel}","templated":true}]}}